{"id":282,"date":"2021-04-18T00:50:41","date_gmt":"2021-04-18T00:50:41","guid":{"rendered":"https:\/\/newensports.cl\/?page_id=282"},"modified":"2026-03-17T02:02:35","modified_gmt":"2026-03-17T02:02:35","slug":"deportistas","status":"publish","type":"page","link":"https:\/\/ultimatesports.cl\/en\/deportistas\/","title":{"rendered":"Athletes"},"content":{"rendered":"<div data-elementor-type=\"wp-page\" data-elementor-id=\"282\" class=\"elementor elementor-282\">\n\t\t\t\t\t\t<section class=\"elementor-section elementor-top-section elementor-element elementor-element-e5b16bb elementor-section-boxed elementor-section-height-default elementor-section-height-default\" data-id=\"e5b16bb\" data-element_type=\"section\" data-e-type=\"section\">\n\t\t\t\t\t\t<div class=\"elementor-container elementor-column-gap-default\">\n\t\t\t\t\t<div class=\"elementor-column elementor-col-100 elementor-top-column elementor-element elementor-element-5893b30\" data-id=\"5893b30\" data-element_type=\"column\" data-e-type=\"column\">\n\t\t\t<div class=\"elementor-widget-wrap elementor-element-populated\">\n\t\t\t\t\t\t<div class=\"elementor-element elementor-element-67607ec elementor-widget elementor-widget-text-editor\" data-id=\"67607ec\" data-element_type=\"widget\" data-e-type=\"widget\" data-widget_type=\"text-editor.default\">\n\t\t\t\t<div class=\"elementor-widget-container\">\n\t\t\t\t\t\t\t\t\t<p><strong>Deportistas Ultimate Sports ATW.<\/strong><\/p>\t\t\t\t\t\t\t\t<\/div>\n\t\t\t\t<\/div>\n\t\t\t\t\t<\/div>\n\t\t<\/div>\n\t\t\t\t\t<\/div>\n\t\t<\/section>\n\t\t\t\t<section class=\"elementor-section elementor-top-section elementor-element elementor-element-7f70e9d elementor-section-boxed elementor-section-height-default elementor-section-height-default\" data-id=\"7f70e9d\" data-element_type=\"section\" data-e-type=\"section\">\n\t\t\t\t\t\t<div class=\"elementor-container elementor-column-gap-default\">\n\t\t\t\t\t<div class=\"elementor-column elementor-col-50 elementor-top-column elementor-element elementor-element-ce0c97f\" data-id=\"ce0c97f\" data-element_type=\"column\" data-e-type=\"column\">\n\t\t\t<div class=\"elementor-widget-wrap elementor-element-populated\">\n\t\t\t\t\t\t<div class=\"elementor-element elementor-element-a1566db elementor-widget elementor-widget-image\" data-id=\"a1566db\" data-element_type=\"widget\" data-e-type=\"widget\" data-widget_type=\"image.default\">\n\t\t\t\t<div class=\"elementor-widget-container\">\n\t\t\t\t\t\t\t\t\t\t\t\t\t\t\t<img fetchpriority=\"high\" decoding=\"async\" width=\"682\" height=\"1024\" src=\"https:\/\/ultimatesports.cl\/wp-content\/uploads\/2026\/03\/theo-atletas-682x1024.jpeg\" class=\"attachment-large size-large wp-image-1807\" alt=\"\" srcset=\"https:\/\/ultimatesports.cl\/wp-content\/uploads\/2026\/03\/theo-atletas-682x1024.jpeg 682w, https:\/\/ultimatesports.cl\/wp-content\/uploads\/2026\/03\/theo-atletas-200x300.jpeg 200w, https:\/\/ultimatesports.cl\/wp-content\/uploads\/2026\/03\/theo-atletas-768x1152.jpeg 768w, https:\/\/ultimatesports.cl\/wp-content\/uploads\/2026\/03\/theo-atletas-8x12.jpeg 8w, https:\/\/ultimatesports.cl\/wp-content\/uploads\/2026\/03\/theo-atletas-250x375.jpeg 250w, https:\/\/ultimatesports.cl\/wp-content\/uploads\/2026\/03\/theo-atletas-550x825.jpeg 550w, https:\/\/ultimatesports.cl\/wp-content\/uploads\/2026\/03\/theo-atletas-800x1200.jpeg 800w, https:\/\/ultimatesports.cl\/wp-content\/uploads\/2026\/03\/theo-atletas-120x180.jpeg 120w, https:\/\/ultimatesports.cl\/wp-content\/uploads\/2026\/03\/theo-atletas-333x500.jpeg 333w, https:\/\/ultimatesports.cl\/wp-content\/uploads\/2026\/03\/theo-atletas.jpeg 853w\" sizes=\"(max-width: 682px) 100vw, 682px\" \/>\t\t\t\t\t\t\t\t\t\t\t\t\t\t\t<\/div>\n\t\t\t\t<\/div>\n\t\t\t\t<div class=\"elementor-element elementor-element-7eac329 elementor-widget elementor-widget-text-editor\" data-id=\"7eac329\" data-element_type=\"widget\" data-e-type=\"widget\" data-widget_type=\"text-editor.default\">\n\t\t\t\t<div class=\"elementor-widget-container\">\n\t\t\t\t\t\t\t\t\t<p><strong>Theo Lucchesi<\/strong> (2008), brasilero, arquero de posici\u00f3n. Parte a Goshen College luego de 4 a\u00f1os en la academia. Estudiante del colegio Dunalastair de Chicureo.<\/p><p><strong>Program: <\/strong>Beca deportiva (EEUU)<\/p>\t\t\t\t\t\t\t\t<\/div>\n\t\t\t\t<\/div>\n\t\t\t\t\t<\/div>\n\t\t<\/div>\n\t\t\t\t<div class=\"elementor-column elementor-col-50 elementor-top-column elementor-element elementor-element-ea2a68b\" data-id=\"ea2a68b\" data-element_type=\"column\" data-e-type=\"column\">\n\t\t\t<div class=\"elementor-widget-wrap elementor-element-populated\">\n\t\t\t\t\t\t<div class=\"elementor-element elementor-element-d482723 elementor-widget elementor-widget-image\" data-id=\"d482723\" data-element_type=\"widget\" data-e-type=\"widget\" data-widget_type=\"image.default\">\n\t\t\t\t<div class=\"elementor-widget-container\">\n\t\t\t\t\t\t\t\t\t\t\t\t\t\t\t<img decoding=\"async\" width=\"682\" height=\"1024\" src=\"https:\/\/ultimatesports.cl\/wp-content\/uploads\/2026\/03\/lucas-atleta-682x1024.jpeg\" class=\"attachment-large size-large wp-image-1805\" alt=\"\" srcset=\"https:\/\/ultimatesports.cl\/wp-content\/uploads\/2026\/03\/lucas-atleta-682x1024.jpeg 682w, https:\/\/ultimatesports.cl\/wp-content\/uploads\/2026\/03\/lucas-atleta-200x300.jpeg 200w, https:\/\/ultimatesports.cl\/wp-content\/uploads\/2026\/03\/lucas-atleta-768x1152.jpeg 768w, https:\/\/ultimatesports.cl\/wp-content\/uploads\/2026\/03\/lucas-atleta-8x12.jpeg 8w, https:\/\/ultimatesports.cl\/wp-content\/uploads\/2026\/03\/lucas-atleta-250x375.jpeg 250w, https:\/\/ultimatesports.cl\/wp-content\/uploads\/2026\/03\/lucas-atleta-550x825.jpeg 550w, https:\/\/ultimatesports.cl\/wp-content\/uploads\/2026\/03\/lucas-atleta-800x1200.jpeg 800w, https:\/\/ultimatesports.cl\/wp-content\/uploads\/2026\/03\/lucas-atleta-120x180.jpeg 120w, https:\/\/ultimatesports.cl\/wp-content\/uploads\/2026\/03\/lucas-atleta-333x500.jpeg 333w, https:\/\/ultimatesports.cl\/wp-content\/uploads\/2026\/03\/lucas-atleta.jpeg 853w\" sizes=\"(max-width: 682px) 100vw, 682px\" \/>\t\t\t\t\t\t\t\t\t\t\t\t\t\t\t<\/div>\n\t\t\t\t<\/div>\n\t\t\t\t<div class=\"elementor-element elementor-element-1d1abb2 elementor-widget elementor-widget-text-editor\" data-id=\"1d1abb2\" data-element_type=\"widget\" data-e-type=\"widget\" data-widget_type=\"text-editor.default\">\n\t\t\t\t<div class=\"elementor-widget-container\">\n\t\t\t\t\t\t\t\t\t<p><strong>Lucas Triat<\/strong> (2007), chileno, mediapunta de gran t\u00e9cnica. Parte a Central Methodist University luego de 5 a\u00f1os form\u00e1ndose en la academia. Estudiante del colegio Dunalastair de Chicureo\u00a0<\/p><p><strong>Program:<\/strong> Beca Deportiva (EEUU)<\/p>\t\t\t\t\t\t\t\t<\/div>\n\t\t\t\t<\/div>\n\t\t\t\t\t<\/div>\n\t\t<\/div>\n\t\t\t\t\t<\/div>\n\t\t<\/section>\n\t\t\t\t<section class=\"elementor-section elementor-top-section elementor-element elementor-element-9282a8f elementor-section-boxed elementor-section-height-default elementor-section-height-default\" data-id=\"9282a8f\" data-element_type=\"section\" data-e-type=\"section\">\n\t\t\t\t\t\t<div class=\"elementor-container elementor-column-gap-default\">\n\t\t\t\t\t<div class=\"elementor-column elementor-col-50 elementor-top-column elementor-element elementor-element-b1d79e1\" data-id=\"b1d79e1\" data-element_type=\"column\" data-e-type=\"column\">\n\t\t\t<div class=\"elementor-widget-wrap elementor-element-populated\">\n\t\t\t\t\t\t<div class=\"elementor-element elementor-element-9dab5f6 elementor-widget elementor-widget-image\" data-id=\"9dab5f6\" data-element_type=\"widget\" data-e-type=\"widget\" data-widget_type=\"image.default\">\n\t\t\t\t<div class=\"elementor-widget-container\">\n\t\t\t\t\t\t\t\t\t\t\t\t\t\t\t<img decoding=\"async\" width=\"683\" height=\"1024\" src=\"https:\/\/ultimatesports.cl\/wp-content\/uploads\/2026\/03\/clemente-atleta-683x1024.jpeg\" class=\"attachment-large size-large wp-image-1809\" alt=\"\" srcset=\"https:\/\/ultimatesports.cl\/wp-content\/uploads\/2026\/03\/clemente-atleta-683x1024.jpeg 683w, https:\/\/ultimatesports.cl\/wp-content\/uploads\/2026\/03\/clemente-atleta-200x300.jpeg 200w, https:\/\/ultimatesports.cl\/wp-content\/uploads\/2026\/03\/clemente-atleta-768x1152.jpeg 768w, https:\/\/ultimatesports.cl\/wp-content\/uploads\/2026\/03\/clemente-atleta-8x12.jpeg 8w, https:\/\/ultimatesports.cl\/wp-content\/uploads\/2026\/03\/clemente-atleta-250x375.jpeg 250w, https:\/\/ultimatesports.cl\/wp-content\/uploads\/2026\/03\/clemente-atleta-550x825.jpeg 550w, https:\/\/ultimatesports.cl\/wp-content\/uploads\/2026\/03\/clemente-atleta-800x1200.jpeg 800w, https:\/\/ultimatesports.cl\/wp-content\/uploads\/2026\/03\/clemente-atleta-120x180.jpeg 120w, https:\/\/ultimatesports.cl\/wp-content\/uploads\/2026\/03\/clemente-atleta-333x500.jpeg 333w, https:\/\/ultimatesports.cl\/wp-content\/uploads\/2026\/03\/clemente-atleta.jpeg 1000w\" sizes=\"(max-width: 683px) 100vw, 683px\" \/>\t\t\t\t\t\t\t\t\t\t\t\t\t\t\t<\/div>\n\t\t\t\t<\/div>\n\t\t\t\t<div class=\"elementor-element elementor-element-380a688 elementor-widget elementor-widget-text-editor\" data-id=\"380a688\" data-element_type=\"widget\" data-e-type=\"widget\" data-widget_type=\"text-editor.default\">\n\t\t\t\t<div class=\"elementor-widget-container\">\n\t\t\t\t\t\t\t\t\t<p><strong>Clemente Cuadros<\/strong> (2009), chileno, lateral derecho. Parte a prep school top 3 de EEUU, Hoosac School de Nueva York a cursar el equivalente a 3ero medio. Estudiante del colegio Lincoln de Chicureo.<\/p><p><strong>Program: <\/strong>Beca deportiva\u00a0(EEUU)<\/p>\t\t\t\t\t\t\t\t<\/div>\n\t\t\t\t<\/div>\n\t\t\t\t\t<\/div>\n\t\t<\/div>\n\t\t\t\t<div class=\"elementor-column elementor-col-50 elementor-top-column elementor-element elementor-element-9ba6ef2\" data-id=\"9ba6ef2\" data-element_type=\"column\" data-e-type=\"column\">\n\t\t\t<div class=\"elementor-widget-wrap elementor-element-populated\">\n\t\t\t\t\t\t<div class=\"elementor-element elementor-element-4442275 elementor-widget elementor-widget-image\" data-id=\"4442275\" data-element_type=\"widget\" data-e-type=\"widget\" data-widget_type=\"image.default\">\n\t\t\t\t<div class=\"elementor-widget-container\">\n\t\t\t\t\t\t\t\t\t\t\t\t\t\t\t<img loading=\"lazy\" decoding=\"async\" width=\"683\" height=\"1024\" src=\"https:\/\/ultimatesports.cl\/wp-content\/uploads\/2026\/03\/savastano-atleta-2-683x1024.jpeg\" class=\"attachment-large size-large wp-image-1811\" alt=\"\" srcset=\"https:\/\/ultimatesports.cl\/wp-content\/uploads\/2026\/03\/savastano-atleta-2-683x1024.jpeg 683w, https:\/\/ultimatesports.cl\/wp-content\/uploads\/2026\/03\/savastano-atleta-2-200x300.jpeg 200w, https:\/\/ultimatesports.cl\/wp-content\/uploads\/2026\/03\/savastano-atleta-2-8x12.jpeg 8w, https:\/\/ultimatesports.cl\/wp-content\/uploads\/2026\/03\/savastano-atleta-2-250x375.jpeg 250w, https:\/\/ultimatesports.cl\/wp-content\/uploads\/2026\/03\/savastano-atleta-2-550x825.jpeg 550w, https:\/\/ultimatesports.cl\/wp-content\/uploads\/2026\/03\/savastano-atleta-2-120x180.jpeg 120w, https:\/\/ultimatesports.cl\/wp-content\/uploads\/2026\/03\/savastano-atleta-2-333x500.jpeg 333w, https:\/\/ultimatesports.cl\/wp-content\/uploads\/2026\/03\/savastano-atleta-2.jpeg 712w\" sizes=\"(max-width: 683px) 100vw, 683px\" \/>\t\t\t\t\t\t\t\t\t\t\t\t\t\t\t<\/div>\n\t\t\t\t<\/div>\n\t\t\t\t<div class=\"elementor-element elementor-element-7aed0f1 elementor-widget elementor-widget-text-editor\" data-id=\"7aed0f1\" data-element_type=\"widget\" data-e-type=\"widget\" data-widget_type=\"text-editor.default\">\n\t\t\t\t<div class=\"elementor-widget-container\">\n\t\t\t\t\t\t\t\t\t<p><strong>Santino Savastano<\/strong>, argentino\/chileno, puntero, y primera transferencia realizada por la agencia. Actualmente vive y trabaja en Florida, EEUU.<\/p><p><strong>Program:\u00a0 <\/strong>Beca deportiva\u00a0(EEUU)<\/p>\t\t\t\t\t\t\t\t<\/div>\n\t\t\t\t<\/div>\n\t\t\t\t\t<\/div>\n\t\t<\/div>\n\t\t\t\t\t<\/div>\n\t\t<\/section>\n\t\t\t\t<\/div>","protected":false},"excerpt":{"rendered":"<p>Deportistas Ultimate Sports ATW. Theo Lucchesi (2008), brasilero, arquero de posici\u00f3n. Parte a Goshen College luego de 4 a\u00f1os en la academia. Estudiante del colegio Dunalastair de Chicureo. Programa: Beca deportiva (EEUU) Lucas Triat (2007), chileno, mediapunta de gran t\u00e9cnica. Parte a Central Methodist University luego de 5 a\u00f1os form\u00e1ndose [&hellip;]<\/p>\n","protected":false},"author":2,"featured_media":0,"parent":0,"menu_order":0,"comment_status":"closed","ping_status":"closed","template":"","meta":{"bgseo_title":"","bgseo_description":"","bgseo_robots_index":"index","bgseo_robots_follow":"follow","iawp_total_views":3,"footnotes":""},"class_list":["post-282","page","type-page","status-publish","hentry"],"_links":{"self":[{"href":"https:\/\/ultimatesports.cl\/en\/wp-json\/wp\/v2\/pages\/282","targetHints":{"allow":["GET"]}}],"collection":[{"href":"https:\/\/ultimatesports.cl\/en\/wp-json\/wp\/v2\/pages"}],"about":[{"href":"https:\/\/ultimatesports.cl\/en\/wp-json\/wp\/v2\/types\/page"}],"author":[{"embeddable":true,"href":"https:\/\/ultimatesports.cl\/en\/wp-json\/wp\/v2\/users\/2"}],"replies":[{"embeddable":true,"href":"https:\/\/ultimatesports.cl\/en\/wp-json\/wp\/v2\/comments?post=282"}],"version-history":[{"count":10,"href":"https:\/\/ultimatesports.cl\/en\/wp-json\/wp\/v2\/pages\/282\/revisions"}],"predecessor-version":[{"id":2014,"href":"https:\/\/ultimatesports.cl\/en\/wp-json\/wp\/v2\/pages\/282\/revisions\/2014"}],"wp:attachment":[{"href":"https:\/\/ultimatesports.cl\/en\/wp-json\/wp\/v2\/media?parent=282"}],"curies":[{"name":"wp","href":"https:\/\/api.w.org\/{rel}","templated":true}]}}