{"id":283,"date":"2020-11-17T00:50:41","date_gmt":"2020-11-17T00:50:41","guid":{"rendered":"https:\/\/newensports.cl\/?page_id=283"},"modified":"2026-03-17T15:56:33","modified_gmt":"2026-03-17T15:56:33","slug":"ultimate_academy","status":"publish","type":"page","link":"https:\/\/ultimatesports.cl\/en\/ultimate_academy\/","title":{"rendered":"Ultimate Academy"},"content":{"rendered":"<div data-elementor-type=\"wp-page\" data-elementor-id=\"283\" class=\"elementor elementor-283\">\n\t\t\t\t\t\t<section class=\"elementor-section elementor-top-section elementor-element elementor-element-1538956 elementor-section-boxed elementor-section-height-default elementor-section-height-default\" data-id=\"1538956\" data-element_type=\"section\" data-e-type=\"section\">\n\t\t\t\t\t\t<div class=\"elementor-container elementor-column-gap-default\">\n\t\t\t\t\t<div class=\"elementor-column elementor-col-100 elementor-top-column elementor-element elementor-element-28d0e6b\" data-id=\"28d0e6b\" data-element_type=\"column\" data-e-type=\"column\">\n\t\t\t<div class=\"elementor-widget-wrap elementor-element-populated\">\n\t\t\t\t\t\t<div class=\"elementor-element elementor-element-bc5d9ee elementor-widget elementor-widget-image\" data-id=\"bc5d9ee\" data-element_type=\"widget\" data-e-type=\"widget\" data-widget_type=\"image.default\">\n\t\t\t\t<div class=\"elementor-widget-container\">\n\t\t\t\t\t\t\t\t\t\t\t\t\t\t\t<img fetchpriority=\"high\" decoding=\"async\" width=\"1009\" height=\"248\" src=\"https:\/\/ultimatesports.cl\/wp-content\/uploads\/2022\/06\/newen-sports-academy.png\" class=\"attachment-large size-large wp-image-1494\" alt=\"\" srcset=\"https:\/\/ultimatesports.cl\/wp-content\/uploads\/2022\/06\/newen-sports-academy.png 1009w, https:\/\/ultimatesports.cl\/wp-content\/uploads\/2022\/06\/newen-sports-academy-300x74.png 300w, https:\/\/ultimatesports.cl\/wp-content\/uploads\/2022\/06\/newen-sports-academy-768x189.png 768w, https:\/\/ultimatesports.cl\/wp-content\/uploads\/2022\/06\/newen-sports-academy-18x4.png 18w, https:\/\/ultimatesports.cl\/wp-content\/uploads\/2022\/06\/newen-sports-academy-250x61.png 250w, https:\/\/ultimatesports.cl\/wp-content\/uploads\/2022\/06\/newen-sports-academy-550x135.png 550w, https:\/\/ultimatesports.cl\/wp-content\/uploads\/2022\/06\/newen-sports-academy-800x197.png 800w, https:\/\/ultimatesports.cl\/wp-content\/uploads\/2022\/06\/newen-sports-academy-732x180.png 732w\" sizes=\"(max-width: 1009px) 100vw, 1009px\" \/>\t\t\t\t\t\t\t\t\t\t\t\t\t\t\t<\/div>\n\t\t\t\t<\/div>\n\t\t\t\t\t<\/div>\n\t\t<\/div>\n\t\t\t\t\t<\/div>\n\t\t<\/section>\n\t\t\t\t<section class=\"elementor-section elementor-top-section elementor-element elementor-element-bfbd887 elementor-section-boxed elementor-section-height-default elementor-section-height-default\" data-id=\"bfbd887\" data-element_type=\"section\" data-e-type=\"section\">\n\t\t\t\t\t\t<div class=\"elementor-container elementor-column-gap-default\">\n\t\t\t\t\t<div class=\"elementor-column elementor-col-100 elementor-top-column elementor-element elementor-element-cce1cc6\" data-id=\"cce1cc6\" data-element_type=\"column\" data-e-type=\"column\">\n\t\t\t<div class=\"elementor-widget-wrap elementor-element-populated\">\n\t\t\t\t\t\t<div class=\"elementor-element elementor-element-abb0800 elementor-widget elementor-widget-text-editor\" data-id=\"abb0800\" data-element_type=\"widget\" data-e-type=\"widget\" data-widget_type=\"text-editor.default\">\n\t\t\t\t<div class=\"elementor-widget-container\">\n\t\t\t\t\t\t\t\t\t<span style=\"color: #000000;\">Ultimate Sports Academy es una academia de alto rendimiento dise\u00f1ada para deportistas que buscan llevar su nivel competitivo al m\u00e1ximo. Si sue\u00f1as con obtener una beca deportiva en EEUU o ingresar a clubes profesionales, este es tu camino. <br><br>Nuestro entrenamiento contempla trabajar los aspectos t\u00e9cnicos, f\u00edsicos, y sicol\u00f3gicos. Participamos en las mejores ligas de Santiago durante todo el a\u00f1o con mas de 300 deportistas entre nuestras sedes de Chicureo y San Carlos de Apoquindo.<\/span>\t\t\t\t\t\t\t\t<\/div>\n\t\t\t\t<\/div>\n\t\t\t\t\t<\/div>\n\t\t<\/div>\n\t\t\t\t\t<\/div>\n\t\t<\/section>\n\t\t\t\t<section class=\"elementor-section elementor-top-section elementor-element elementor-element-295ec26 elementor-section-boxed elementor-section-height-default elementor-section-height-default\" data-id=\"295ec26\" data-element_type=\"section\" data-e-type=\"section\">\n\t\t\t\t\t\t<div class=\"elementor-container elementor-column-gap-default\">\n\t\t\t\t\t<div class=\"elementor-column elementor-col-100 elementor-top-column elementor-element elementor-element-b694dfe\" data-id=\"b694dfe\" data-element_type=\"column\" data-e-type=\"column\">\n\t\t\t<div class=\"elementor-widget-wrap elementor-element-populated\">\n\t\t\t\t\t\t<div class=\"elementor-element elementor-element-b5f15a6 elementor-widget-divider--view-line elementor-widget elementor-widget-divider\" data-id=\"b5f15a6\" data-element_type=\"widget\" data-e-type=\"widget\" data-widget_type=\"divider.default\">\n\t\t\t\t<div class=\"elementor-widget-container\">\n\t\t\t\t\t\t\t<div class=\"elementor-divider\">\n\t\t\t<span class=\"elementor-divider-separator\">\n\t\t\t\t\t\t<\/span>\n\t\t<\/div>\n\t\t\t\t\t\t<\/div>\n\t\t\t\t<\/div>\n\t\t\t\t\t<\/div>\n\t\t<\/div>\n\t\t\t\t\t<\/div>\n\t\t<\/section>\n\t\t\t\t<section class=\"elementor-section elementor-top-section elementor-element elementor-element-77b200f elementor-section-boxed elementor-section-height-default elementor-section-height-default\" data-id=\"77b200f\" data-element_type=\"section\" data-e-type=\"section\">\n\t\t\t\t\t\t<div class=\"elementor-container elementor-column-gap-default\">\n\t\t\t\t\t<div class=\"elementor-column elementor-col-100 elementor-top-column elementor-element elementor-element-b0f88ab\" data-id=\"b0f88ab\" data-element_type=\"column\" data-e-type=\"column\">\n\t\t\t<div class=\"elementor-widget-wrap elementor-element-populated\">\n\t\t\t\t\t\t<div class=\"elementor-element elementor-element-06a1e90 elementor-widget elementor-widget-image\" data-id=\"06a1e90\" data-element_type=\"widget\" data-e-type=\"widget\" data-widget_type=\"image.default\">\n\t\t\t\t<div class=\"elementor-widget-container\">\n\t\t\t\t\t\t\t\t\t\t\t\t\t\t\t<img decoding=\"async\" width=\"1024\" height=\"109\" src=\"https:\/\/ultimatesports.cl\/wp-content\/uploads\/2026\/03\/Captura4-1024x109-1.png\" class=\"attachment-large size-large wp-image-1670\" alt=\"\" srcset=\"https:\/\/ultimatesports.cl\/wp-content\/uploads\/2026\/03\/Captura4-1024x109-1.png 1024w, https:\/\/ultimatesports.cl\/wp-content\/uploads\/2026\/03\/Captura4-1024x109-1-300x32.png 300w, https:\/\/ultimatesports.cl\/wp-content\/uploads\/2026\/03\/Captura4-1024x109-1-768x82.png 768w, https:\/\/ultimatesports.cl\/wp-content\/uploads\/2026\/03\/Captura4-1024x109-1-18x2.png 18w, https:\/\/ultimatesports.cl\/wp-content\/uploads\/2026\/03\/Captura4-1024x109-1-250x27.png 250w, https:\/\/ultimatesports.cl\/wp-content\/uploads\/2026\/03\/Captura4-1024x109-1-550x59.png 550w, https:\/\/ultimatesports.cl\/wp-content\/uploads\/2026\/03\/Captura4-1024x109-1-800x85.png 800w\" sizes=\"(max-width: 1024px) 100vw, 1024px\" \/>\t\t\t\t\t\t\t\t\t\t\t\t\t\t\t<\/div>\n\t\t\t\t<\/div>\n\t\t\t\t\t<\/div>\n\t\t<\/div>\n\t\t\t\t\t<\/div>\n\t\t<\/section>\n\t\t\t\t<section class=\"elementor-section elementor-top-section elementor-element elementor-element-e0d433d elementor-section-boxed elementor-section-height-default elementor-section-height-default\" data-id=\"e0d433d\" data-element_type=\"section\" data-e-type=\"section\">\n\t\t\t\t\t\t<div class=\"elementor-container elementor-column-gap-default\">\n\t\t\t\t\t<div class=\"elementor-column elementor-col-100 elementor-top-column elementor-element elementor-element-9847364\" data-id=\"9847364\" data-element_type=\"column\" data-e-type=\"column\">\n\t\t\t<div class=\"elementor-widget-wrap elementor-element-populated\">\n\t\t\t\t\t\t<div class=\"elementor-element elementor-element-0c57ca8 elementor-widget elementor-widget-text-editor\" data-id=\"0c57ca8\" data-element_type=\"widget\" data-e-type=\"widget\" data-widget_type=\"text-editor.default\">\n\t\t\t\t<div class=\"elementor-widget-container\">\n\t\t\t\t\t\t\t\t\t<h4>Sede Chicureo<\/h4><p><span style=\"color: #000000;\">Entrenamientos alto rendimiento: <br \/><\/span><\/p><ul><li><span style=\"color: #000000;\">Sub8\u00a0 y sub10: Lunes y mi\u00e9rcoles de 17.00 a 18.30<\/span><\/li><li><span style=\"color: #000000;\">Sub12 a Sub18: Lunes, mi\u00e9rcoles y viernes de 17.00 a 18.30<\/span><\/li><li><span style=\"color: #000000;\">Ubicaci\u00f3n: Old Grangonian Club (poner este nombre en Waze)<\/span><\/li><li><span style=\"color: #000000;\">Direccion: Avda el Valle 11.300, Colina.\u00a0<\/span><\/li><\/ul>\t\t\t\t\t\t\t\t<\/div>\n\t\t\t\t<\/div>\n\t\t\t\t\t<\/div>\n\t\t<\/div>\n\t\t\t\t\t<\/div>\n\t\t<\/section>\n\t\t\t\t<section class=\"elementor-section elementor-top-section elementor-element elementor-element-e74087a elementor-section-boxed elementor-section-height-default elementor-section-height-default\" data-id=\"e74087a\" data-element_type=\"section\" data-e-type=\"section\">\n\t\t\t\t\t\t<div class=\"elementor-container elementor-column-gap-default\">\n\t\t\t\t\t<div class=\"elementor-column elementor-col-100 elementor-top-column elementor-element elementor-element-2db42e2\" data-id=\"2db42e2\" data-element_type=\"column\" data-e-type=\"column\">\n\t\t\t<div class=\"elementor-widget-wrap elementor-element-populated\">\n\t\t\t\t\t\t<div class=\"elementor-element elementor-element-51ea081 elementor-button-info elementor-align-center elementor-widget elementor-widget-button\" data-id=\"51ea081\" data-element_type=\"widget\" data-e-type=\"widget\" data-widget_type=\"button.default\">\n\t\t\t\t<div class=\"elementor-widget-container\">\n\t\t\t\t\t\t\t\t\t<div class=\"elementor-button-wrapper\">\n\t\t\t\t\t<a class=\"elementor-button elementor-button-link elementor-size-sm\" href=\"https:\/\/docs.google.com\/forms\/d\/e\/1FAIpQLScWjeike8LS__r7zIC__UaSdULQ2NKvU3jNH7FhNzP_MdmBOA\/viewform\" target=\"_blank\">\n\t\t\t\t\t\t<span class=\"elementor-button-content-wrapper\">\n\t\t\t\t\t\t\t\t\t<span class=\"elementor-button-text\">Postular a la pruebas de selecci\u00f3n<\/span>\n\t\t\t\t\t<\/span>\n\t\t\t\t\t<\/a>\n\t\t\t\t<\/div>\n\t\t\t\t\t\t\t\t<\/div>\n\t\t\t\t<\/div>\n\t\t\t\t\t<\/div>\n\t\t<\/div>\n\t\t\t\t\t<\/div>\n\t\t<\/section>\n\t\t\t\t<section class=\"elementor-section elementor-top-section elementor-element elementor-element-525ef0e elementor-section-boxed elementor-section-height-default elementor-section-height-default\" data-id=\"525ef0e\" data-element_type=\"section\" data-e-type=\"section\">\n\t\t\t\t\t\t<div class=\"elementor-container elementor-column-gap-default\">\n\t\t\t\t\t<div class=\"elementor-column elementor-col-100 elementor-top-column elementor-element elementor-element-aa4e48b\" data-id=\"aa4e48b\" data-element_type=\"column\" data-e-type=\"column\">\n\t\t\t<div class=\"elementor-widget-wrap elementor-element-populated\">\n\t\t\t\t\t\t<div class=\"elementor-element elementor-element-a9cc729 elementor-widget-divider--view-line elementor-widget elementor-widget-divider\" data-id=\"a9cc729\" data-element_type=\"widget\" data-e-type=\"widget\" data-widget_type=\"divider.default\">\n\t\t\t\t<div class=\"elementor-widget-container\">\n\t\t\t\t\t\t\t<div class=\"elementor-divider\">\n\t\t\t<span class=\"elementor-divider-separator\">\n\t\t\t\t\t\t<\/span>\n\t\t<\/div>\n\t\t\t\t\t\t<\/div>\n\t\t\t\t<\/div>\n\t\t\t\t\t<\/div>\n\t\t<\/div>\n\t\t\t\t\t<\/div>\n\t\t<\/section>\n\t\t\t\t<section class=\"elementor-section elementor-top-section elementor-element elementor-element-7269dfd elementor-section-boxed elementor-section-height-default elementor-section-height-default\" data-id=\"7269dfd\" data-element_type=\"section\" data-e-type=\"section\">\n\t\t\t\t\t\t<div class=\"elementor-container elementor-column-gap-default\">\n\t\t\t\t\t<div class=\"elementor-column elementor-col-100 elementor-top-column elementor-element elementor-element-34929d2\" data-id=\"34929d2\" data-element_type=\"column\" data-e-type=\"column\">\n\t\t\t<div class=\"elementor-widget-wrap elementor-element-populated\">\n\t\t\t\t\t\t<div class=\"elementor-element elementor-element-672c77b elementor-widget elementor-widget-text-editor\" data-id=\"672c77b\" data-element_type=\"widget\" data-e-type=\"widget\" data-widget_type=\"text-editor.default\">\n\t\t\t\t<div class=\"elementor-widget-container\">\n\t\t\t\t\t\t\t\t\t<h4>Sede San Carlos<\/h4><ul><li><span style=\"color: #000000;\">Sub9 y sub11: Lunes de 17.00 a 18.30, mi\u00e9rcoles de 17.30 a 19.00<\/span><\/li><li><span style=\"color: #000000;\">Sub13: Lunes y viernes de 17.00 a 18.30, mi\u00e9rcoles de 17.30 a 19.00<\/span><\/li><li><span style=\"color: #000000;\">Sub14: Lunes 18.30 a 20.00, mi\u00e9rcoles de 17.30 a 19.00 y viernes de 17.00 a 18.30<\/span><\/li><li><span style=\"color: #000000;\">Sub16: Lunes 18.30 a 20.00, mi\u00e9rcoles de 19.00 a 20.30 y viernes de 18.30 a 20.00<\/span><\/li><li><span style=\"color: #000000;\">Ubicaci\u00f3n: Cancha Socios UC<\/span><\/li><li><span style=\"color: #000000;\">Direccion: CDUC Clubhouse puerta 7 (buscar en Google o waze).<\/span><\/li><li><span style=\"color: #000000;\">Se requiere QR de ingreso<\/span><\/li><\/ul>\t\t\t\t\t\t\t\t<\/div>\n\t\t\t\t<\/div>\n\t\t\t\t\t<\/div>\n\t\t<\/div>\n\t\t\t\t\t<\/div>\n\t\t<\/section>\n\t\t\t\t<section class=\"elementor-section elementor-top-section elementor-element elementor-element-dc7809a elementor-section-boxed elementor-section-height-default elementor-section-height-default\" data-id=\"dc7809a\" data-element_type=\"section\" data-e-type=\"section\">\n\t\t\t\t\t\t<div class=\"elementor-container elementor-column-gap-default\">\n\t\t\t\t\t<div class=\"elementor-column elementor-col-100 elementor-top-column elementor-element elementor-element-4b1ac7a\" data-id=\"4b1ac7a\" data-element_type=\"column\" data-e-type=\"column\">\n\t\t\t<div class=\"elementor-widget-wrap elementor-element-populated\">\n\t\t\t\t\t\t<div class=\"elementor-element elementor-element-79b895d elementor-button-info elementor-align-center elementor-widget elementor-widget-button\" data-id=\"79b895d\" data-element_type=\"widget\" data-e-type=\"widget\" data-widget_type=\"button.default\">\n\t\t\t\t<div class=\"elementor-widget-container\">\n\t\t\t\t\t\t\t\t\t<div class=\"elementor-button-wrapper\">\n\t\t\t\t\t<a class=\"elementor-button elementor-button-link elementor-size-sm\" href=\"https:\/\/docs.google.com\/forms\/d\/e\/1FAIpQLSc4_FQGD3rTcjjr2k6uvvch6M1rotRZ4xEmtqCVUjdYqe4AOQ\/viewform\" target=\"_blank\">\n\t\t\t\t\t\t<span class=\"elementor-button-content-wrapper\">\n\t\t\t\t\t\t\t\t\t<span class=\"elementor-button-text\">Postular a la pruebas de selecci\u00f3n<\/span>\n\t\t\t\t\t<\/span>\n\t\t\t\t\t<\/a>\n\t\t\t\t<\/div>\n\t\t\t\t\t\t\t\t<\/div>\n\t\t\t\t<\/div>\n\t\t\t\t\t<\/div>\n\t\t<\/div>\n\t\t\t\t\t<\/div>\n\t\t<\/section>\n\t\t\t\t<section class=\"elementor-section elementor-top-section elementor-element elementor-element-b2392af elementor-section-boxed elementor-section-height-default elementor-section-height-default\" data-id=\"b2392af\" data-element_type=\"section\" data-e-type=\"section\">\n\t\t\t\t\t\t<div class=\"elementor-container elementor-column-gap-default\">\n\t\t\t\t\t<div class=\"elementor-column elementor-col-100 elementor-top-column elementor-element elementor-element-d05bd13\" data-id=\"d05bd13\" data-element_type=\"column\" data-e-type=\"column\">\n\t\t\t<div class=\"elementor-widget-wrap elementor-element-populated\">\n\t\t\t\t\t\t<div class=\"elementor-element elementor-element-1c10fdf elementor-widget elementor-widget-image\" data-id=\"1c10fdf\" data-element_type=\"widget\" data-e-type=\"widget\" data-widget_type=\"image.default\">\n\t\t\t\t<div class=\"elementor-widget-container\">\n\t\t\t\t\t\t\t\t\t\t\t\t\t\t\t<img decoding=\"async\" width=\"1024\" height=\"768\" src=\"https:\/\/ultimatesports.cl\/wp-content\/uploads\/2026\/03\/foto-grupal-1024x768.jpeg\" class=\"attachment-large size-large wp-image-1846\" alt=\"\" srcset=\"https:\/\/ultimatesports.cl\/wp-content\/uploads\/2026\/03\/foto-grupal-1024x768.jpeg 1024w, https:\/\/ultimatesports.cl\/wp-content\/uploads\/2026\/03\/foto-grupal-300x225.jpeg 300w, https:\/\/ultimatesports.cl\/wp-content\/uploads\/2026\/03\/foto-grupal-768x576.jpeg 768w, https:\/\/ultimatesports.cl\/wp-content\/uploads\/2026\/03\/foto-grupal-16x12.jpeg 16w, https:\/\/ultimatesports.cl\/wp-content\/uploads\/2026\/03\/foto-grupal-250x188.jpeg 250w, https:\/\/ultimatesports.cl\/wp-content\/uploads\/2026\/03\/foto-grupal-550x412.jpeg 550w, https:\/\/ultimatesports.cl\/wp-content\/uploads\/2026\/03\/foto-grupal-800x600.jpeg 800w, https:\/\/ultimatesports.cl\/wp-content\/uploads\/2026\/03\/foto-grupal-240x180.jpeg 240w, https:\/\/ultimatesports.cl\/wp-content\/uploads\/2026\/03\/foto-grupal-400x300.jpeg 400w, https:\/\/ultimatesports.cl\/wp-content\/uploads\/2026\/03\/foto-grupal-667x500.jpeg 667w, https:\/\/ultimatesports.cl\/wp-content\/uploads\/2026\/03\/foto-grupal.jpeg 1500w\" sizes=\"(max-width: 1024px) 100vw, 1024px\" \/>\t\t\t\t\t\t\t\t\t\t\t\t\t\t\t<\/div>\n\t\t\t\t<\/div>\n\t\t\t\t\t<\/div>\n\t\t<\/div>\n\t\t\t\t\t<\/div>\n\t\t<\/section>\n\t\t\t\t<\/div>","protected":false},"excerpt":{"rendered":"<p>Ultimate Sports Academy es una academia de alto rendimiento dise\u00f1ada para deportistas que buscan llevar su nivel competitivo al m\u00e1ximo. Si sue\u00f1as con obtener una beca deportiva en EEUU o ingresar a clubes profesionales, este es tu camino. Nuestro entrenamiento contempla trabajar los aspectos t\u00e9cnicos, f\u00edsicos, y sicol\u00f3gicos. Participamos en [&hellip;]<\/p>\n","protected":false},"author":2,"featured_media":0,"parent":0,"menu_order":0,"comment_status":"closed","ping_status":"closed","template":"","meta":{"bgseo_title":"","bgseo_description":"","bgseo_robots_index":"","bgseo_robots_follow":"","iawp_total_views":12,"footnotes":""},"class_list":["post-283","page","type-page","status-publish","hentry"],"_links":{"self":[{"href":"https:\/\/ultimatesports.cl\/en\/wp-json\/wp\/v2\/pages\/283","targetHints":{"allow":["GET"]}}],"collection":[{"href":"https:\/\/ultimatesports.cl\/en\/wp-json\/wp\/v2\/pages"}],"about":[{"href":"https:\/\/ultimatesports.cl\/en\/wp-json\/wp\/v2\/types\/page"}],"author":[{"embeddable":true,"href":"https:\/\/ultimatesports.cl\/en\/wp-json\/wp\/v2\/users\/2"}],"replies":[{"embeddable":true,"href":"https:\/\/ultimatesports.cl\/en\/wp-json\/wp\/v2\/comments?post=283"}],"version-history":[{"count":10,"href":"https:\/\/ultimatesports.cl\/en\/wp-json\/wp\/v2\/pages\/283\/revisions"}],"predecessor-version":[{"id":2099,"href":"https:\/\/ultimatesports.cl\/en\/wp-json\/wp\/v2\/pages\/283\/revisions\/2099"}],"wp:attachment":[{"href":"https:\/\/ultimatesports.cl\/en\/wp-json\/wp\/v2\/media?parent=283"}],"curies":[{"name":"wp","href":"https:\/\/api.w.org\/{rel}","templated":true}]}}