{"id":8,"date":"2020-10-26T14:53:53","date_gmt":"2020-10-26T14:53:53","guid":{"rendered":"https:\/\/newensports.cl\/gallery\/"},"modified":"2026-03-17T01:25:03","modified_gmt":"2026-03-17T01:25:03","slug":"ultimatesports","status":"publish","type":"page","link":"https:\/\/ultimatesports.cl\/en\/ultimatesports\/","title":{"rendered":"Ultimate Sports"},"content":{"rendered":"<div data-elementor-type=\"wp-page\" data-elementor-id=\"8\" class=\"elementor elementor-8\">\n\t\t\t\t\t\t<section class=\"elementor-section elementor-top-section elementor-element elementor-element-60aa5e37 elementor-section-boxed elementor-section-height-default elementor-section-height-default\" data-id=\"60aa5e37\" data-element_type=\"section\" data-e-type=\"section\">\n\t\t\t\t\t\t<div class=\"elementor-container elementor-column-gap-default\">\n\t\t\t\t\t<div class=\"elementor-column elementor-col-100 elementor-top-column elementor-element elementor-element-42d23037\" data-id=\"42d23037\" data-element_type=\"column\" data-e-type=\"column\">\n\t\t\t<div class=\"elementor-widget-wrap elementor-element-populated\">\n\t\t\t\t\t\t\t<\/div>\n\t\t<\/div>\n\t\t\t\t\t<\/div>\n\t\t<\/section>\n\t\t\t\t<section class=\"elementor-section elementor-top-section elementor-element elementor-element-a386850 elementor-section-boxed elementor-section-height-default elementor-section-height-default\" data-id=\"a386850\" data-element_type=\"section\" data-e-type=\"section\">\n\t\t\t\t\t\t<div class=\"elementor-container elementor-column-gap-default\">\n\t\t\t\t\t<div class=\"elementor-column elementor-col-100 elementor-top-column elementor-element elementor-element-fc84cf3\" data-id=\"fc84cf3\" data-element_type=\"column\" data-e-type=\"column\">\n\t\t\t<div class=\"elementor-widget-wrap elementor-element-populated\">\n\t\t\t\t\t\t<div class=\"elementor-element elementor-element-dca3f4e elementor-widget elementor-widget-image\" data-id=\"dca3f4e\" data-element_type=\"widget\" data-e-type=\"widget\" data-widget_type=\"image.default\">\n\t\t\t\t<div class=\"elementor-widget-container\">\n\t\t\t\t\t\t\t\t\t\t\t\t\t\t\t<img fetchpriority=\"high\" decoding=\"async\" width=\"1024\" height=\"257\" src=\"https:\/\/ultimatesports.cl\/wp-content\/uploads\/2020\/11\/quienes-somos.jpg\" class=\"attachment-large size-large wp-image-242\" alt=\"\" srcset=\"https:\/\/ultimatesports.cl\/wp-content\/uploads\/2020\/11\/quienes-somos.jpg 1024w, https:\/\/ultimatesports.cl\/wp-content\/uploads\/2020\/11\/quienes-somos-300x75.jpg 300w, https:\/\/ultimatesports.cl\/wp-content\/uploads\/2020\/11\/quienes-somos-768x193.jpg 768w, https:\/\/ultimatesports.cl\/wp-content\/uploads\/2020\/11\/quienes-somos-18x5.jpg 18w, https:\/\/ultimatesports.cl\/wp-content\/uploads\/2020\/11\/quienes-somos-250x63.jpg 250w, https:\/\/ultimatesports.cl\/wp-content\/uploads\/2020\/11\/quienes-somos-550x138.jpg 550w, https:\/\/ultimatesports.cl\/wp-content\/uploads\/2020\/11\/quienes-somos-800x201.jpg 800w, https:\/\/ultimatesports.cl\/wp-content\/uploads\/2020\/11\/quienes-somos-717x180.jpg 717w\" sizes=\"(max-width: 1024px) 100vw, 1024px\" \/>\t\t\t\t\t\t\t\t\t\t\t\t\t\t\t<\/div>\n\t\t\t\t<\/div>\n\t\t\t\t\t<\/div>\n\t\t<\/div>\n\t\t\t\t\t<\/div>\n\t\t<\/section>\n\t\t\t\t<section class=\"elementor-section elementor-top-section elementor-element elementor-element-fdf105d elementor-section-boxed elementor-section-height-default elementor-section-height-default\" data-id=\"fdf105d\" data-element_type=\"section\" data-e-type=\"section\">\n\t\t\t\t\t\t<div class=\"elementor-container elementor-column-gap-default\">\n\t\t\t\t\t<div class=\"elementor-column elementor-col-33 elementor-top-column elementor-element elementor-element-4bdda69\" data-id=\"4bdda69\" data-element_type=\"column\" data-e-type=\"column\">\n\t\t\t<div class=\"elementor-widget-wrap elementor-element-populated\">\n\t\t\t\t\t\t<div class=\"elementor-element elementor-element-dae7bb6 elementor-widget elementor-widget-image\" data-id=\"dae7bb6\" data-element_type=\"widget\" data-e-type=\"widget\" data-widget_type=\"image.default\">\n\t\t\t\t<div class=\"elementor-widget-container\">\n\t\t\t\t\t\t\t\t\t\t\t\t\t\t\t<img decoding=\"async\" width=\"1024\" height=\"683\" src=\"https:\/\/ultimatesports.cl\/wp-content\/uploads\/2026\/03\/quienes-somos-web-1024x683.jpeg\" class=\"attachment-large size-large wp-image-1827\" alt=\"\" srcset=\"https:\/\/ultimatesports.cl\/wp-content\/uploads\/2026\/03\/quienes-somos-web-1024x683.jpeg 1024w, https:\/\/ultimatesports.cl\/wp-content\/uploads\/2026\/03\/quienes-somos-web-300x200.jpeg 300w, https:\/\/ultimatesports.cl\/wp-content\/uploads\/2026\/03\/quienes-somos-web-768x512.jpeg 768w, https:\/\/ultimatesports.cl\/wp-content\/uploads\/2026\/03\/quienes-somos-web-18x12.jpeg 18w, https:\/\/ultimatesports.cl\/wp-content\/uploads\/2026\/03\/quienes-somos-web-250x167.jpeg 250w, https:\/\/ultimatesports.cl\/wp-content\/uploads\/2026\/03\/quienes-somos-web-550x367.jpeg 550w, https:\/\/ultimatesports.cl\/wp-content\/uploads\/2026\/03\/quienes-somos-web-800x533.jpeg 800w, https:\/\/ultimatesports.cl\/wp-content\/uploads\/2026\/03\/quienes-somos-web-270x180.jpeg 270w, https:\/\/ultimatesports.cl\/wp-content\/uploads\/2026\/03\/quienes-somos-web-450x300.jpeg 450w, https:\/\/ultimatesports.cl\/wp-content\/uploads\/2026\/03\/quienes-somos-web-750x500.jpeg 750w, https:\/\/ultimatesports.cl\/wp-content\/uploads\/2026\/03\/quienes-somos-web.jpeg 1536w\" sizes=\"(max-width: 1024px) 100vw, 1024px\" \/>\t\t\t\t\t\t\t\t\t\t\t\t\t\t\t<\/div>\n\t\t\t\t<\/div>\n\t\t\t\t\t<\/div>\n\t\t<\/div>\n\t\t\t\t<div class=\"elementor-column elementor-col-66 elementor-top-column elementor-element elementor-element-d7f0dbe\" data-id=\"d7f0dbe\" data-element_type=\"column\" data-e-type=\"column\">\n\t\t\t<div class=\"elementor-widget-wrap elementor-element-populated\">\n\t\t\t\t\t\t<div class=\"elementor-element elementor-element-ddc7222 elementor-widget elementor-widget-text-editor\" data-id=\"ddc7222\" data-element_type=\"widget\" data-e-type=\"widget\" data-widget_type=\"text-editor.default\">\n\t\t\t\t<div class=\"elementor-widget-container\">\n\t\t\t\t\t\t\t\t\t<h2>Who are we?<\/h2>\n<p dir=\"ltr\" style=\"line-height:1.295;margin-top:0pt;margin-bottom:8pt;\"><span style=\"font-size:11pt;font-family:Calibri,sans-serif;color:#000000;background-color:transparent;font-weight:400;font-style:normal;font-variant:normal;text-decoration:none;vertical-align:baseline;white-space:pre;white-space:pre-wrap;\">Ultimate Sports es una Agencia Deportiva dedicada al desarrollo de deportistas a trav\u00e9s de programas de entrenamiento, formaci\u00f3n y experiencias deportivas de alto nivel.<\/span><\/p><p dir=\"ltr\" style=\"line-height:1.295;margin-top:0pt;margin-bottom:8pt;\"><span style=\"font-size:11pt;font-family:Calibri,sans-serif;color:#000000;background-color:transparent;font-weight:400;font-style:normal;font-variant:normal;text-decoration:none;vertical-align:baseline;white-space:pre;white-space:pre-wrap;\">Trabajamos con ni\u00f1os, j\u00f3venes y adultos que buscan mejorar su nivel deportivo, disfrutar del deporte y formar parte de un entorno profesional de entrenamiento. A trav\u00e9s de nuestras academias, talleres en colegios, programas formativos, ligas y experiencias internacionales, ofrecemos oportunidades reales de crecimiento dentro y fuera de la cancha.<\/span><\/p><p dir=\"ltr\" style=\"line-height:1.295;margin-top:0pt;margin-bottom:8pt;\"><span style=\"font-size:11pt;font-family:Calibri,sans-serif;color:#000000;background-color:transparent;font-weight:400;font-style:normal;font-variant:normal;text-decoration:none;vertical-align:baseline;white-space:pre;white-space:pre-wrap;\">Adem\u00e1s, apoyamos a j\u00f3venes deportistas que sue\u00f1an con proyectar su carrera deportiva y acad\u00e9mica, prepar\u00e1ndolos para acceder a oportunidades como becas deportivas en universidades de Estados Unidos.<\/span><\/p><p dir=\"ltr\" style=\"line-height:1.295;margin-top:0pt;margin-bottom:8pt;\"><span style=\"font-size:11pt;font-family:Calibri,sans-serif;color:#000000;background-color:transparent;font-weight:400;font-style:normal;font-variant:normal;text-decoration:none;vertical-align:baseline;white-space:pre;white-space:pre-wrap;\">Nuestro equipo est\u00e1 comprometido con entregar entrenamientos de calidad, fomentar valores deportivos y generar espacios donde cada jugador pueda desarrollar su m\u00e1ximo potencial.<\/span><\/p><p style=\"text-align: left;\"><span style=\"font-weight:normal;\" id=\"docs-internal-guid-e007e59d-7fff-1792-b7f1-292f7cc003cc\"><\/span><\/p><p dir=\"ltr\" style=\"line-height:1.295;margin-top:0pt;margin-bottom:8pt;\"><span style=\"font-size:11pt;font-family:Calibri,sans-serif;color:#000000;background-color:transparent;font-weight:400;font-style:normal;font-variant:normal;text-decoration:none;vertical-align:baseline;white-space:pre;white-space:pre-wrap;\">En Ultimate Sports creemos que el f\u00fatbol es una herramienta poderosa para formar personas, crear oportunidades y construir caminos hacia el futuro.<\/span><\/p>\t\t\t\t\t\t\t\t<\/div>\n\t\t\t\t<\/div>\n\t\t\t\t\t<\/div>\n\t\t<\/div>\n\t\t\t\t\t<\/div>\n\t\t<\/section>\n\t\t\t\t<section class=\"elementor-section elementor-top-section elementor-element elementor-element-817b187 elementor-section-boxed elementor-section-height-default elementor-section-height-default\" data-id=\"817b187\" data-element_type=\"section\" data-e-type=\"section\">\n\t\t\t\t\t\t<div class=\"elementor-container elementor-column-gap-default\">\n\t\t\t\t\t<div class=\"elementor-column elementor-col-100 elementor-top-column elementor-element elementor-element-00e19ab\" data-id=\"00e19ab\" data-element_type=\"column\" data-e-type=\"column\">\n\t\t\t<div class=\"elementor-widget-wrap elementor-element-populated\">\n\t\t\t\t\t\t<div class=\"elementor-element elementor-element-3e3878b elementor-widget-divider--view-line elementor-widget elementor-widget-divider\" data-id=\"3e3878b\" data-element_type=\"widget\" data-e-type=\"widget\" data-widget_type=\"divider.default\">\n\t\t\t\t<div class=\"elementor-widget-container\">\n\t\t\t\t\t\t\t<div class=\"elementor-divider\">\n\t\t\t<span class=\"elementor-divider-separator\">\n\t\t\t\t\t\t<\/span>\n\t\t<\/div>\n\t\t\t\t\t\t<\/div>\n\t\t\t\t<\/div>\n\t\t\t\t\t<\/div>\n\t\t<\/div>\n\t\t\t\t\t<\/div>\n\t\t<\/section>\n\t\t\t\t<section class=\"elementor-section elementor-top-section elementor-element elementor-element-92c99f2 elementor-section-boxed elementor-section-height-default elementor-section-height-default\" data-id=\"92c99f2\" data-element_type=\"section\" data-e-type=\"section\">\n\t\t\t\t\t\t<div class=\"elementor-container elementor-column-gap-default\">\n\t\t\t\t\t<div class=\"elementor-column elementor-col-50 elementor-top-column elementor-element elementor-element-8ad04ef\" data-id=\"8ad04ef\" data-element_type=\"column\" data-e-type=\"column\">\n\t\t\t<div class=\"elementor-widget-wrap elementor-element-populated\">\n\t\t\t\t\t\t<div class=\"elementor-element elementor-element-897ccbb elementor-widget elementor-widget-text-editor\" data-id=\"897ccbb\" data-element_type=\"widget\" data-e-type=\"widget\" data-widget_type=\"text-editor.default\">\n\t\t\t\t<div class=\"elementor-widget-container\">\n\t\t\t\t\t\t\t\t\t<h2>Mission&nbsp;<i class=\"fa fa-handshake-o\" aria-hidden=\"true\"><\/i><\/h2>\n<div class=\"page\" title=\"Page 3\">\n<div class=\"section\">\n<div class=\"layoutArea\">\n<div class=\"column\">\n<p><span style=\"font-weight:normal;\" id=\"docs-internal-guid-51dbac03-7fff-4766-bba7-c7d8e1725cfb\"><\/span><\/p><p dir=\"ltr\" style=\"line-height:1.295;margin-top:0pt;margin-bottom:8pt;\"><span style=\"font-size:11pt;font-family:Calibri,sans-serif;color:#000000;background-color:transparent;font-weight:400;font-style:normal;font-variant:normal;text-decoration:none;vertical-align:baseline;white-space:pre;white-space:pre-wrap;\">Formar deportistas integrales combinando alto rendimiento, educaci\u00f3n y experiencias internacionales.<\/span><\/p>\n<\/div>\n<\/div>\n<\/div>\n<\/div>\t\t\t\t\t\t\t\t<\/div>\n\t\t\t\t<\/div>\n\t\t\t\t\t<\/div>\n\t\t<\/div>\n\t\t\t\t<div class=\"elementor-column elementor-col-50 elementor-top-column elementor-element elementor-element-91d134a\" data-id=\"91d134a\" data-element_type=\"column\" data-e-type=\"column\">\n\t\t\t<div class=\"elementor-widget-wrap elementor-element-populated\">\n\t\t\t\t\t\t<div class=\"elementor-element elementor-element-96bfede elementor-widget elementor-widget-text-editor\" data-id=\"96bfede\" data-element_type=\"widget\" data-e-type=\"widget\" data-widget_type=\"text-editor.default\">\n\t\t\t\t<div class=\"elementor-widget-container\">\n\t\t\t\t\t\t\t\t\t<h2>Vision <i class=\"fa fa-eye\" aria-hidden=\"true\"><\/i><\/h2>\n<div class=\"page\" title=\"Page 3\">\n<div class=\"section\">\n<div class=\"layoutArea\">\n<div class=\"column\">\n<div class=\"page\" title=\"Page 3\">\n<div class=\"section\">\n<div class=\"layoutArea\">\n<div class=\"column\">\n<p><span style=\"font-weight:normal;\" id=\"docs-internal-guid-1241ed97-7fff-7ed7-114e-43abfe16d74a\"><span style=\"font-size: 11pt; font-family: Calibri, sans-serif; color: rgb(0, 0, 0); font-weight: 400; font-style: normal; font-variant-numeric: normal; font-variant-east-asian: normal; font-variant-alternates: normal; font-variant-position: normal; font-variant-emoji: normal; white-space-collapse: preserve;\">Convertirnos en la agencia deportiva l\u00edderes en Latinoam\u00e9rica para el desarrollo de deportistas.<\/span><\/span><\/p>\n<\/div>\n<\/div>\n<\/div>\n<\/div>\n<\/div>\n<\/div>\n<\/div>\n<\/div>\t\t\t\t\t\t\t\t<\/div>\n\t\t\t\t<\/div>\n\t\t\t\t\t<\/div>\n\t\t<\/div>\n\t\t\t\t\t<\/div>\n\t\t<\/section>\n\t\t\t\t<section class=\"elementor-section elementor-top-section elementor-element elementor-element-d9e6419 elementor-section-boxed elementor-section-height-default elementor-section-height-default\" data-id=\"d9e6419\" data-element_type=\"section\" data-e-type=\"section\">\n\t\t\t\t\t\t<div class=\"elementor-container elementor-column-gap-default\">\n\t\t\t\t\t<div class=\"elementor-column elementor-col-100 elementor-top-column elementor-element elementor-element-4401af1\" data-id=\"4401af1\" data-element_type=\"column\" data-e-type=\"column\">\n\t\t\t<div class=\"elementor-widget-wrap elementor-element-populated\">\n\t\t\t\t\t\t<div class=\"elementor-element elementor-element-357b9e3 elementor-widget-divider--view-line elementor-widget elementor-widget-divider\" data-id=\"357b9e3\" data-element_type=\"widget\" data-e-type=\"widget\" data-widget_type=\"divider.default\">\n\t\t\t\t<div class=\"elementor-widget-container\">\n\t\t\t\t\t\t\t<div class=\"elementor-divider\">\n\t\t\t<span class=\"elementor-divider-separator\">\n\t\t\t\t\t\t<\/span>\n\t\t<\/div>\n\t\t\t\t\t\t<\/div>\n\t\t\t\t<\/div>\n\t\t\t\t\t<\/div>\n\t\t<\/div>\n\t\t\t\t\t<\/div>\n\t\t<\/section>\n\t\t\t\t<section class=\"elementor-section elementor-top-section elementor-element elementor-element-0d0ce64 elementor-section-boxed elementor-section-height-default elementor-section-height-default\" data-id=\"0d0ce64\" data-element_type=\"section\" data-e-type=\"section\">\n\t\t\t\t\t\t<div class=\"elementor-container elementor-column-gap-default\">\n\t\t\t\t\t<div class=\"elementor-column elementor-col-33 elementor-top-column elementor-element elementor-element-9c6abae\" data-id=\"9c6abae\" data-element_type=\"column\" data-e-type=\"column\">\n\t\t\t<div class=\"elementor-widget-wrap elementor-element-populated\">\n\t\t\t\t\t\t<div class=\"elementor-element elementor-element-260df38 elementor-widget elementor-widget-heading\" data-id=\"260df38\" data-element_type=\"widget\" data-e-type=\"widget\" data-widget_type=\"heading.default\">\n\t\t\t\t<div class=\"elementor-widget-container\">\n\t\t\t\t\t<h2 class=\"elementor-heading-title elementor-size-default\">Our Team<\/h2>\t\t\t\t<\/div>\n\t\t\t\t<\/div>\n\t\t\t\t\t<\/div>\n\t\t<\/div>\n\t\t\t\t<div class=\"elementor-column elementor-col-66 elementor-top-column elementor-element elementor-element-65ab9f4\" data-id=\"65ab9f4\" data-element_type=\"column\" data-e-type=\"column\">\n\t\t\t<div class=\"elementor-widget-wrap elementor-element-populated\">\n\t\t\t\t\t\t<div class=\"elementor-element elementor-element-036c5e1 elementor-widget elementor-widget-text-editor\" data-id=\"036c5e1\" data-element_type=\"widget\" data-e-type=\"widget\" data-widget_type=\"text-editor.default\">\n\t\t\t\t<div class=\"elementor-widget-container\">\n\t\t\t\t\t\t\t\t\t<div class=\"page\" title=\"Page 2\"><div class=\"section\"><div class=\"layoutArea\"><div class=\"column\"><p>We are a multidisciplinary team that through our capabilities form an elite team.<\/p><\/div><\/div><\/div><\/div>\t\t\t\t\t\t\t\t<\/div>\n\t\t\t\t<\/div>\n\t\t\t\t\t<\/div>\n\t\t<\/div>\n\t\t\t\t\t<\/div>\n\t\t<\/section>\n\t\t\t\t<section class=\"elementor-section elementor-top-section elementor-element elementor-element-3a5aec9 elementor-section-boxed elementor-section-height-default elementor-section-height-default\" data-id=\"3a5aec9\" data-element_type=\"section\" data-e-type=\"section\">\n\t\t\t\t\t\t<div class=\"elementor-container elementor-column-gap-default\">\n\t\t\t\t\t<div class=\"elementor-column elementor-col-33 elementor-top-column elementor-element elementor-element-ae3851e\" data-id=\"ae3851e\" data-element_type=\"column\" data-e-type=\"column\">\n\t\t\t<div class=\"elementor-widget-wrap elementor-element-populated\">\n\t\t\t\t\t\t<div class=\"elementor-element elementor-element-4213d21 elementor-grid-1 elementor-grid-tablet-2 elementor-grid-mobile-1 elementor-widget elementor-widget-gyan_team\" data-id=\"4213d21\" data-element_type=\"widget\" data-e-type=\"widget\" data-settings=\"{&quot;columns&quot;:&quot;1&quot;,&quot;columns_tablet&quot;:&quot;2&quot;,&quot;columns_mobile&quot;:&quot;1&quot;}\" data-widget_type=\"gyan_team.default\">\n\t\t\t\t<div class=\"elementor-widget-container\">\n\t\t\t\t\t\r\n         <div class=\"gyan-team gyan-team-4213d21\" data-layout=\"grid\" data-rtl=\"false\">\r\n            <div class=\"gyan-team-grid gyan-elementor-grid\">\r\n\r\n            \r\n        \t\t<div class=\"gyan-team-item gyan-grid-item-wrap\">\r\n                    <div class=\"gyan-team-item-inner gyan-grid-item\">\r\n\r\n            \t\t\t<div class=\"gyan-team-image\">\r\n            \t\t\t\t<a href=\"#\" class=\"gyan-team-link gyan-team-img-link\"><\/a>                            <img decoding=\"async\" src=\"https:\/\/ultimatesports.cl\/wp-content\/uploads\/2020\/11\/Cris-Calcagno-2_opt-2.png\" alt=\"\" \/>\r\n\r\n            \t\t\t\t                        <\/div>\r\n\r\n                        \r\n                        <div class=\"gyan-team-content gyan-ease-transition\">\r\n            \t\t\t\t<div class=\"gyan-team-name\"><h6  class=\"gyan-team-name-tag\"><a href=\"#\" class=\"gyan-team-link\"> Cristian Calcagno<\/a><\/h6><\/div>\r\n            \t\t\t\t<div class=\"gyan-team-position\">CEO<\/div>\r\n            \t\t\t<\/div>\r\n        \t\t  <\/div>\r\n                <\/div>\r\n\r\n                        <div class=\"clear\"><\/div>\r\n            <\/div>\r\n        <\/div>\r\n        <div class=\"clear\"><\/div>\r\n\r\n\t\t\t\t\t\t<\/div>\n\t\t\t\t<\/div>\n\t\t\t\t<div class=\"elementor-element elementor-element-c21007c elementor-widget elementor-widget-text-editor\" data-id=\"c21007c\" data-element_type=\"widget\" data-e-type=\"widget\" data-widget_type=\"text-editor.default\">\n\t\t\t\t<div class=\"elementor-widget-container\">\n\t\t\t\t\t\t\t\t\t<div class=\"page\" title=\"Page 2\"><div class=\"section\"><div class=\"layoutArea\"><div class=\"column\"><p>Ingeniero Comercial de profesi\u00f3n con MBA, posee vasta experiencia laboral en diferentes industrias destaca\u0301ndose en el a\u0301rea del marketing, llegando a ser gerente de marketing de Mazda Chile. Diplomado en Gesti\u00f3n Deportiva. <span style=\"font-size: 16px; color: var( --e-global-color-text );\">Socio fundador y Director General de Ultimate Sports.<\/span><\/p><\/div><\/div><\/div><\/div>\t\t\t\t\t\t\t\t<\/div>\n\t\t\t\t<\/div>\n\t\t\t\t\t<\/div>\n\t\t<\/div>\n\t\t\t\t<div class=\"elementor-column elementor-col-33 elementor-top-column elementor-element elementor-element-c44f58c\" data-id=\"c44f58c\" data-element_type=\"column\" data-e-type=\"column\">\n\t\t\t<div class=\"elementor-widget-wrap elementor-element-populated\">\n\t\t\t\t\t\t<div class=\"elementor-element elementor-element-35fa484 elementor-grid-1 elementor-grid-tablet-2 elementor-grid-mobile-1 elementor-widget elementor-widget-gyan_team\" data-id=\"35fa484\" data-element_type=\"widget\" data-e-type=\"widget\" data-settings=\"{&quot;columns&quot;:&quot;1&quot;,&quot;columns_tablet&quot;:&quot;2&quot;,&quot;columns_mobile&quot;:&quot;1&quot;}\" data-widget_type=\"gyan_team.default\">\n\t\t\t\t<div class=\"elementor-widget-container\">\n\t\t\t\t\t\r\n         <div class=\"gyan-team gyan-team-35fa484\" data-layout=\"grid\" data-rtl=\"false\">\r\n            <div class=\"gyan-team-grid gyan-elementor-grid\">\r\n\r\n            \r\n        \t\t<div class=\"gyan-team-item gyan-grid-item-wrap\">\r\n                    <div class=\"gyan-team-item-inner gyan-grid-item\">\r\n\r\n            \t\t\t<div class=\"gyan-team-image\">\r\n            \t\t\t\t<a href=\"#\" class=\"gyan-team-link gyan-team-img-link\"><\/a>                            <img decoding=\"async\" src=\"https:\/\/ultimatesports.cl\/wp-content\/uploads\/2020\/11\/cristobal.jpg\" alt=\"\" \/>\r\n\r\n            \t\t\t\t                        <\/div>\r\n\r\n                        \r\n                        <div class=\"gyan-team-content gyan-ease-transition\">\r\n            \t\t\t\t<div class=\"gyan-team-name\"><h6  class=\"gyan-team-name-tag\"><a href=\"#\" class=\"gyan-team-link\"> Cristobal Zurbuchen<\/a><\/h6><\/div>\r\n            \t\t\t\t<div class=\"gyan-team-position\">Director Comercial <\/div>\r\n            \t\t\t<\/div>\r\n        \t\t  <\/div>\r\n                <\/div>\r\n\r\n                        <div class=\"clear\"><\/div>\r\n            <\/div>\r\n        <\/div>\r\n        <div class=\"clear\"><\/div>\r\n\r\n\t\t\t\t\t\t<\/div>\n\t\t\t\t<\/div>\n\t\t\t\t<div class=\"elementor-element elementor-element-c11f130 elementor-widget elementor-widget-text-editor\" data-id=\"c11f130\" data-element_type=\"widget\" data-e-type=\"widget\" data-widget_type=\"text-editor.default\">\n\t\t\t\t<div class=\"elementor-widget-container\">\n\t\t\t\t\t\t\t\t\t<div class=\"page\" title=\"Page 2\"><div class=\"section\"><div class=\"layoutArea\"><div class=\"column\"><p>Abogado con vasta experiencia laboral en ligas amateurs en Chile. Gerente de operaciones de la Liga San Jose, organizador de la Liga Britanica de fu\u0301tbol y socio fundador de la Super Copa de Ligas. Diplomado en Gesti\u00f3n Deportiva. <span style=\"font-size: 16px; color: var( --e-global-color-text );\">Socio fundador y Director Comercial de Ultimate Sports.<\/span><\/p><\/div><\/div><\/div><\/div>\t\t\t\t\t\t\t\t<\/div>\n\t\t\t\t<\/div>\n\t\t\t\t\t<\/div>\n\t\t<\/div>\n\t\t\t\t<div class=\"elementor-column elementor-col-33 elementor-top-column elementor-element elementor-element-9cdf323\" data-id=\"9cdf323\" data-element_type=\"column\" data-e-type=\"column\">\n\t\t\t<div class=\"elementor-widget-wrap\">\n\t\t\t\t\t\t\t<\/div>\n\t\t<\/div>\n\t\t\t\t\t<\/div>\n\t\t<\/section>\n\t\t\t\t<section class=\"elementor-section elementor-top-section elementor-element elementor-element-59aaef6 elementor-section-boxed elementor-section-height-default elementor-section-height-default\" data-id=\"59aaef6\" data-element_type=\"section\" data-e-type=\"section\">\n\t\t\t\t\t\t<div class=\"elementor-container elementor-column-gap-default\">\n\t\t\t\t\t<div class=\"elementor-column elementor-col-100 elementor-top-column elementor-element elementor-element-def7023\" data-id=\"def7023\" data-element_type=\"column\" data-e-type=\"column\">\n\t\t\t<div class=\"elementor-widget-wrap elementor-element-populated\">\n\t\t\t\t\t\t<div class=\"elementor-element elementor-element-5842846 elementor-widget-divider--view-line elementor-widget elementor-widget-divider\" data-id=\"5842846\" data-element_type=\"widget\" data-e-type=\"widget\" data-widget_type=\"divider.default\">\n\t\t\t\t<div class=\"elementor-widget-container\">\n\t\t\t\t\t\t\t<div class=\"elementor-divider\">\n\t\t\t<span class=\"elementor-divider-separator\">\n\t\t\t\t\t\t<\/span>\n\t\t<\/div>\n\t\t\t\t\t\t<\/div>\n\t\t\t\t<\/div>\n\t\t\t\t\t<\/div>\n\t\t<\/div>\n\t\t\t\t\t<\/div>\n\t\t<\/section>\n\t\t\t\t<section class=\"elementor-section elementor-top-section elementor-element elementor-element-54658b7 elementor-section-boxed elementor-section-height-default elementor-section-height-default\" data-id=\"54658b7\" data-element_type=\"section\" data-e-type=\"section\">\n\t\t\t\t\t\t<div class=\"elementor-container elementor-column-gap-default\">\n\t\t\t\t\t<div class=\"elementor-column elementor-col-50 elementor-top-column elementor-element elementor-element-09390eb\" data-id=\"09390eb\" data-element_type=\"column\" data-e-type=\"column\">\n\t\t\t<div class=\"elementor-widget-wrap\">\n\t\t\t\t\t\t\t<\/div>\n\t\t<\/div>\n\t\t\t\t<div class=\"elementor-column elementor-col-50 elementor-top-column elementor-element elementor-element-e60673d\" data-id=\"e60673d\" data-element_type=\"column\" data-e-type=\"column\">\n\t\t\t<div class=\"elementor-widget-wrap\">\n\t\t\t\t\t\t\t<\/div>\n\t\t<\/div>\n\t\t\t\t\t<\/div>\n\t\t<\/section>\n\t\t\t\t<\/div>","protected":false},"excerpt":{"rendered":"<p>\u00bfQui\u00e9nes somos? Ultimate Sports es una Agencia Deportiva dedicada al desarrollo de deportistas a trav\u00e9s de programas de entrenamiento, formaci\u00f3n y experiencias deportivas de alto nivel. Trabajamos con ni\u00f1os, j\u00f3venes y adultos que buscan mejorar su nivel deportivo, disfrutar del deporte y formar parte de un entorno profesional de entrenamiento. [&hellip;]<\/p>\n","protected":false},"author":1,"featured_media":0,"parent":0,"menu_order":0,"comment_status":"closed","ping_status":"closed","template":"","meta":{"bgseo_title":"","bgseo_description":"","bgseo_robots_index":"index","bgseo_robots_follow":"follow","iawp_total_views":5,"footnotes":""},"class_list":["post-8","page","type-page","status-publish","hentry"],"_links":{"self":[{"href":"https:\/\/ultimatesports.cl\/en\/wp-json\/wp\/v2\/pages\/8","targetHints":{"allow":["GET"]}}],"collection":[{"href":"https:\/\/ultimatesports.cl\/en\/wp-json\/wp\/v2\/pages"}],"about":[{"href":"https:\/\/ultimatesports.cl\/en\/wp-json\/wp\/v2\/types\/page"}],"author":[{"embeddable":true,"href":"https:\/\/ultimatesports.cl\/en\/wp-json\/wp\/v2\/users\/1"}],"replies":[{"embeddable":true,"href":"https:\/\/ultimatesports.cl\/en\/wp-json\/wp\/v2\/comments?post=8"}],"version-history":[{"count":10,"href":"https:\/\/ultimatesports.cl\/en\/wp-json\/wp\/v2\/pages\/8\/revisions"}],"predecessor-version":[{"id":2011,"href":"https:\/\/ultimatesports.cl\/en\/wp-json\/wp\/v2\/pages\/8\/revisions\/2011"}],"wp:attachment":[{"href":"https:\/\/ultimatesports.cl\/en\/wp-json\/wp\/v2\/media?parent=8"}],"curies":[{"name":"wp","href":"https:\/\/api.w.org\/{rel}","templated":true}]}}